{"id":16,"date":"2021-02-10T15:57:21","date_gmt":"2021-02-10T14:57:21","guid":{"rendered":"http:\/\/movisafe-france.fr\/?page_id=16"},"modified":"2021-02-10T15:57:21","modified_gmt":"2021-02-10T14:57:21","slug":"conseil-et-strategie-pour-la-surete-de-vos-operations","status":"publish","type":"page","link":"https:\/\/movisafe-france.fr\/","title":{"rendered":"Conseil et strat\u00e9gie pour la s\u00fbret\u00e9 de vos op\u00e9rations"},"content":{"rendered":"\n<p class=\"has-text-align-center\"><strong>En 2020, avec 18 ann\u00e9es d&#8217;exp\u00e9rience, Movisafe France S.A.S. est cr\u00e9\u00e9e pour r\u00e9pondre aux exigences de ses clients internationaux en mati\u00e8re de s\u00fbret\u00e9 et de gestion op\u00e9rationnelle, en France, au Mexique et au Br\u00e9sil.  <\/strong><\/p>\n","protected":false},"excerpt":{"rendered":"<p>En 2020, avec 18 ann\u00e9es d&#8217;exp\u00e9rience, Movisafe France S.A.S. est cr\u00e9\u00e9e pour r\u00e9pondre aux exigences de ses clients internationaux en mati\u00e8re de s\u00fbret\u00e9 et de gestion op\u00e9rationnelle, en France, au Mexique et au Br\u00e9sil.<\/p>\n","protected":false},"author":1,"featured_media":0,"parent":0,"menu_order":0,"comment_status":"closed","ping_status":"closed","template":"","meta":[],"_links":{"self":[{"href":"https:\/\/movisafe-france.fr\/index.php?rest_route=\/wp\/v2\/pages\/16"}],"collection":[{"href":"https:\/\/movisafe-france.fr\/index.php?rest_route=\/wp\/v2\/pages"}],"about":[{"href":"https:\/\/movisafe-france.fr\/index.php?rest_route=\/wp\/v2\/types\/page"}],"author":[{"embeddable":true,"href":"https:\/\/movisafe-france.fr\/index.php?rest_route=\/wp\/v2\/users\/1"}],"replies":[{"embeddable":true,"href":"https:\/\/movisafe-france.fr\/index.php?rest_route=%2Fwp%2Fv2%2Fcomments&post=16"}],"version-history":[{"count":3,"href":"https:\/\/movisafe-france.fr\/index.php?rest_route=\/wp\/v2\/pages\/16\/revisions"}],"predecessor-version":[{"id":21,"href":"https:\/\/movisafe-france.fr\/index.php?rest_route=\/wp\/v2\/pages\/16\/revisions\/21"}],"wp:attachment":[{"href":"https:\/\/movisafe-france.fr\/index.php?rest_route=%2Fwp%2Fv2%2Fmedia&parent=16"}],"curies":[{"name":"wp","href":"https:\/\/api.w.org\/{rel}","templated":true}]}}